{"id":146,"date":"2024-11-20T21:45:15","date_gmt":"2024-11-20T21:45:15","guid":{"rendered":"https:\/\/sanvitolocapoairportshuttle.com\/?page_id=146"},"modified":"2024-11-20T22:33:57","modified_gmt":"2024-11-20T22:33:57","slug":"condizioni","status":"publish","type":"page","link":"https:\/\/sanvitolocapoairportshuttle.com\/?page_id=146","title":{"rendered":"CONDIZIONI"},"content":{"rendered":"\n<h3 class=\"wp-block-heading\">Termini e Condizioni del servizio Bus Navetta<\/h3>\n\n\n\n<p>Attraverso il proprio sito internet www.sanvitolocapoairportshuttle.com offre servizi di transfer a mezzo di minibus con capienza da 1 a 8 passeggeri.<br>La tipologia di servizio \u00e8 quella del trasferimento Shuttle \u201cdoor to door\u201d secondo la quale, previa prenotazione on line presso il sito web www.sanvitolocapoairportshuttle.com , il cliente acquista uno o pi\u00f9 posti a sedere (secondo esigenza e disponibilit\u00e0) su una determinata navetta, individuata tra quelle proposte in funzione dell\u2019orario previsto di partenza o di arrivo del relativo volo.<br>Il servizio non sar\u00e0 esclusivo, pertanto, molto probabilmente il trasferimento potr\u00e0 essere condiviso con altri passeggeri.<br>PRENOTAZIONI \u201cONLINE\u201d<\/p>\n\n\n\n<p>www.sanvitolocapoairportshuttle.com SI RISERVA DI GARANTIRE IL SERVIZIO PER LE PRENOTAZIONI EFFETTUATE ALMENO 24 ORE PRIMA DALLA DATA DESIDERATA<br>a. Quando due o pi\u00f9 persone sono incluse nella stessa prenotazione on line, o quando la prenotazione\u201c on line\u201d \u00e8 effettuata per conto di terzi, la persona che effettua la prenotazione (Cliente) sar\u00e0 equiparata ad un agente nei confronti degli altri componenti del gruppo (Passeggeri) e, pertanto, accetta, per loro conto, le presenti condizioni di servizio proposte da www.sanvitolocapoairportshuttle.com .<br>b. All&#8217;atto della prenotazione on line il cliente dichiara e assicura che tutti i dati forniti corrispondano alla realt\u00e0, siano corretti, completi .<br>c. La conferma di prenotazione (Transport Voucher) \u00e8 a tutti gli effetti il biglietto di viaggio. Tramite smartphone o Tablet va mostrato all&#8217;autista di www.sanvitolocapoairportshuttle.com prima di ogni trasferimento.<br>La &#8220;Richiesta di Prenotazione&#8221;, invece, non ha nessuna validit\u00e0 come biglietto di viaggio.<br>d. E&#8217; responsabilit\u00e0 del cliente controllare che tutti i dati inseriti in fase di prenotazione siano effettivamente quelli scelti da lui stesso. Eventuali anomalie dovranno essere comunicate tramite e-mail all&#8217;indirizzo sanvitolocapoairportshuttle.com, prima dell&#8217;effettuazione del servizio.<br>e. E&#8217; responsabilit\u00e0 del Cliente fornire un recapito telefonico cellulare valido di almeno uno dei passeggeri, incluso l\u2019eventuale prefisso internazionale, per ogni evenienza, visto che l&#8217;orario di partenza dai concordati luoghi di pick up (prelievo) pu\u00f2 variare in caso di maltempo o di traffico intenso o di qualsiasi altro motivo che ne pregiudichi la consueta regolare effettuazione.<br>Nel caso in cui il passeggero sia sprovvisto di telefono cellulare dovr\u00e0 essere indicato il numero di telefono dell\u2019abitazione o della struttura ricettiva presso la quale il passeggero soggiorna.<br>Qualsiasi variazione dell\u2019orario del pick up verr\u00e0 notificata tramite telefono, sms e whatsapp.<br>E&#8217;, quindi, responsabilit\u00e0 dei passeggeri controllare eventuali messaggi ricevuti sul telefono cellulare da parte di www.sanvitolocapoairportshuttle.com .<br>Non verranno effettuate prenotazioni in cui non fosse indicato nessun contatto telefonico.<br>Per i pick up (prelievi) da effettuare presso le aerostazioni, si fa presente che gli autisti sono autorizzati ad aspettare i passeggeri per un tempo massimo di 60 (sessanta) minuti dall\u2019orario di previsto arrivo.<br>Dovr\u00e0 essere cura del Cliente e\/o Passeggero annotare il numero telefonico dell\u2019autista assegnato, infatti, in caso di cambiamenti di orari o di eventuali ritardi di imbarco per la partenza, per evitare la perdita del trasferimento, dovr\u00e0 essere tempestivamente segnalato telefonicamente tale ritardo e dovr\u00e0 essere comunicato il nuovo orario di previsto arrivo.<br>Nel caso in cui vi fossero dei ritardi agli imbarchi o cambiamenti di orari o altri motivi che possano causare la perdita del trasferimento senza che il Cliente e\/o Passeggero si fosse messo in contatto in precedenza conwww.sanvitolocapoairportshuttle.com o con l\u2019autista assegnato, non sar\u00e0 rimborsato nulla al Cliente e \/o Passeggero.<br>f. Tutti i pagamenti effettuati potranno essere rimborsati solo se cancellati da www.sanvitolocapoairportshuttle.com<br>g. I diritti legali del Cliente non possono in nessun caso essere negati o diminuiti.<br>h. Le presenti Condizioni Generali sono soggette a quanto disposto dalla legislazione italiana. Per qualsiasi controversia che possa insorgere tra il Cliente e www.sanvitolocapoairportshuttle.com sar\u00e0 competente il Tribunale di Trapani.<br>i. Il servizio navetta condiviso sar\u00e0 attivo ogni anno dal 1 Aprile al 31 Ottobre. In alternativa per tutto l&#8217;anno rimane attiva il servizio transfer privato.<br>BAGAGLI<\/p>\n\n\n\n<p>Se il Cliente ha con s\u00e9 sacche da golf o bici, per le quali pu\u00f2 essere previsto un supplemento di prezzo, dovr\u00e0 inserirlo negli appositi spazi durante la prenotazione.<br>E&#8217; ammesso per ogni passeggero un solo bagaglio da 10 o 20 kg pi\u00f9 un bagaglio a mano.<br>Per bagagli in eccesso \u00e8 previsto un supplemento di \u20ac 10,00 per ogni bagaglio in eccesso.<br>In caso di mancata comunicazione www.sanvitolocapoairportshuttle.com , o i suoi fornitori, si potranno rifiutare di trasportare gli oggetti non dichiarati perdita o danneggiamento dei bagagli stessi.<br>I bagagli dimenticati nel veicolo che ha effettuato il servizio di trasporto saranno recapitati all&#8217;indirizzo comunicato dal Cliente a sue proprie spese.<br>www.sanvitolocapoairportshuttle.com far\u00e0 di tutto per soddisfare le eventuali richieste particolari indicate nell&#8217;apposito spazio dai propri Clienti, ma non \u00e8, comunque, obbligata a farlo.<br>TRASPORTO<\/p>\n\n\n\n<p>a. Non \u00e8 permesso fumare e consumare ogni tipo di cibo a bordo dei veicoli di www.sanvitolocapoairportshuttle.com e dei suoi fornitori.<br>Ad trasgressore sar\u00e0 applicata un sanzione pari ad \u20ac 20,00 da corrispondere direttamente all&#8217;autista a fine corsa.<br>Se, anche dopo l&#8217;invito dell&#8217;autista, il passeggero continua la sua condotta, l&#8217;autista sar\u00e0 ad autorizzato a sospendere la corsa e far scendere i passeggeri che trasgrediscono quanto precisato al punto &#8220;a&#8221; di tale paragrafo sopra citato.<br>b. Gli autisti di www.sanvitolocapoairportshuttle.com , e degli eventuali suoi fornitori, possono rifiutarsi di trasportare chiunque possa essere sotto l&#8217;influenza di alcool o di droghe e\/o il cui comportamento sia considerato minaccioso per l&#8217;autista stesso, per i veicoli o per gli altri passeggeri.<br>c. Non \u00e8 permesso introdurre nei veicoli utilizzati da www.sanvitolocapoairportshuttle.com bevande alcooliche o sostanze stupefacenti con l&#8217;intenzione di consumarli.<br>d. Tutti i veicoli di www.sanvitolocapoairportshuttle.com , e degli eventuali suoi fornitori, sono regolarmente assicurati per la responsabilit\u00e0 civile verso terzi secondo la vigente normativa.<br>e. E&#8217; consentito il trasporto di aniumali domestici (Cani o Gatti) soltanto se viaggiano con l&#8217;apposito trasportino. Il trasportino deve avere una dimensione massima 50x40x30 cm. E&#8217; previsto un supplemento di \u20ac 10,00 a tratta per ogni animale trasportato.<br>CANCELLAZIONI, MODIFICHE, RIMBORSI<\/p>\n\n\n\n<p>a. La cancellazione della prenotazione pu\u00f2 essere effettuata solo tramite e-mail all&#8217;indirizzo info@sanvitolocapoairportshuttle.com e verr\u00e0 confermata, sempre tramite e-mail.<br>La cancellazione deve pervenire con preavviso di 24 ore antecedenti all&#8217;orario di inzio del servizio.<br>Se non ricevete una conferma dell&#8217;annullamento da parte di un nostro operatore tramite email, il servizio \u00e8 considerato confermato.<br>b. Se il cliente non riceve l&#8217;e-mail di conferma della cancellazione \u00e8 sua responsabilit\u00e0 contattare telefonicamente gli uffici di www.sanvitolocapoairportshuttle.com .<br>c. Le eventuali lamentele dovranno prevenire in forma scritta, tramite e-mail all&#8217;indirizzo info@sanvitolocapoairportshuttle.com, entro trenta giorni dall&#8217;effettuazione servizio.<br>d. Non si effettuano rimborsi di pagamentio avvenuti tramine paypal online, carta di credito online o bonifico.<br>e. Per prenotazioni, i cui annullamenti non vengono fatti entro i termini definiti al punto &#8220;a&#8221; di tale paragrafo, il cliente, sar\u00e0 dovuto al pagamento tramite link di pagamento oppure tramite bonifico, del suddetto servizio.<br>In caso di pagamento tramite bonifico bancario \u00e8 possibile farlo al seguente iban: IT30Q0306916400100000011714.<\/p>\n","protected":false},"excerpt":{"rendered":"<p>Termini e Condizioni del servizio Bus Navetta Attraverso il proprio sito internet www.sanvitolocapoairportshuttle.com offre servizi di transfer a mezzo di minibus con capienza da 1 a 8 passeggeri.La tipologia di servizio \u00e8 quella del trasferimento Shuttle \u201cdoor to door\u201d secondo la quale, previa prenotazione on line presso il sito web www.sanvitolocapoairportshuttle.com , il cliente acquista [&hellip;]<\/p>\n","protected":false},"author":1,"featured_media":0,"parent":0,"menu_order":0,"comment_status":"closed","ping_status":"closed","template":"","meta":{"footnotes":""},"class_list":["post-146","page","type-page","status-publish","hentry"],"_links":{"self":[{"href":"https:\/\/sanvitolocapoairportshuttle.com\/index.php?rest_route=\/wp\/v2\/pages\/146","targetHints":{"allow":["GET"]}}],"collection":[{"href":"https:\/\/sanvitolocapoairportshuttle.com\/index.php?rest_route=\/wp\/v2\/pages"}],"about":[{"href":"https:\/\/sanvitolocapoairportshuttle.com\/index.php?rest_route=\/wp\/v2\/types\/page"}],"author":[{"embeddable":true,"href":"https:\/\/sanvitolocapoairportshuttle.com\/index.php?rest_route=\/wp\/v2\/users\/1"}],"replies":[{"embeddable":true,"href":"https:\/\/sanvitolocapoairportshuttle.com\/index.php?rest_route=%2Fwp%2Fv2%2Fcomments&post=146"}],"version-history":[{"count":3,"href":"https:\/\/sanvitolocapoairportshuttle.com\/index.php?rest_route=\/wp\/v2\/pages\/146\/revisions"}],"predecessor-version":[{"id":158,"href":"https:\/\/sanvitolocapoairportshuttle.com\/index.php?rest_route=\/wp\/v2\/pages\/146\/revisions\/158"}],"wp:attachment":[{"href":"https:\/\/sanvitolocapoairportshuttle.com\/index.php?rest_route=%2Fwp%2Fv2%2Fmedia&parent=146"}],"curies":[{"name":"wp","href":"https:\/\/api.w.org\/{rel}","templated":true}]}}