{"id":144,"date":"2024-11-20T21:44:58","date_gmt":"2024-11-20T21:44:58","guid":{"rendered":"https:\/\/sanvitolocapoairportshuttle.com\/?page_id=144"},"modified":"2024-11-22T12:21:39","modified_gmt":"2024-11-22T12:21:39","slug":"faq","status":"publish","type":"page","link":"https:\/\/sanvitolocapoairportshuttle.com\/?page_id=144","title":{"rendered":"FAQ"},"content":{"rendered":"\n<div class=\"wp-block-group alignwide\" style=\"margin-top:var(--wp--preset--spacing--100);margin-bottom:var(--wp--preset--spacing--100);padding-right:15px;padding-left:15px\"><div class=\"wp-block-group__inner-container is-layout-constrained wp-container-core-group-is-layout-6fce8813 wp-block-group-is-layout-constrained\">\n<h2 class=\"wp-block-heading has-large-font-size\" style=\"margin-bottom:var(--wp--preset--spacing--56);font-style:normal;font-weight:300\">Le domande pi\u00f9 frequenti che ci pongono (FAQs)<\/h2>\n\n\n\n<div class=\"wp-block-group\"><div class=\"wp-block-group__inner-container is-layout-constrained wp-block-group-is-layout-constrained\">\n<div class=\"wp-block-group\"><div class=\"wp-block-group__inner-container is-layout-flow wp-block-group-is-layout-flow\">\n<details class=\"wp-block-details has-heading-color has-text-color has-link-color has-small-medium-font-size wp-elements-e3fcad8c0ce3c2750980de126615b242 is-layout-flow wp-block-details-is-layout-flow\" style=\"font-style:normal;font-weight:500\" open><summary>Perch\u00e8 devo prenotare? Non posso prendere una vostra auto in strada come un taxi?<\/summary>\n<p class=\"has-base-color has-text-color has-link-color has-small-font-size wp-elements-be2f8d8325dd23976d6c803ccbf36e65\" style=\"font-style:normal;font-weight:400\">La legge italiana sui trasporti stabilisce che tutti i clienti trasportati sui nostri veicoli devono aver fatto una prenotazione anticipata.<\/p>\n<\/details>\n\n\n\n<hr class=\"wp-block-separator has-text-color has-alpha-channel-opacity has-background is-style-wide\" style=\"background-color:#dddcdf;color:#dddcdf\"\/>\n\n\n\n<details class=\"wp-block-details has-heading-color has-text-color has-link-color has-small-medium-font-size wp-elements-52aa4591f8f31576717bdf0df9d4bfcf is-layout-flow wp-block-details-is-layout-flow\" style=\"font-style:normal;font-weight:500\"><summary>Come posso prenotare?<\/summary>\n<p class=\"has-base-color has-text-color has-link-color has-small-font-size wp-elements-a5d94eeafba89c96db524d6621595dad\" style=\"font-style:normal;font-weight:400\">direttamente dal nostro sito web, telefonicamente, via sms o whatsapp.<\/p>\n<\/details>\n\n\n\n<hr class=\"wp-block-separator has-text-color has-alpha-channel-opacity has-background is-style-wide\" style=\"background-color:#dddcdf;color:#dddcdf\"\/>\n\n\n\n<details class=\"wp-block-details has-heading-color has-text-color has-link-color has-small-medium-font-size wp-elements-85ecc93a52c6c782c16c5e9114a13aac is-layout-flow wp-block-details-is-layout-flow\" style=\"font-style:normal;font-weight:500\"><summary>In caso di urgenza o variazioni operativi dei voli o ritardi, cosa devo fare?<\/summary>\n<p class=\"has-base-color has-text-color has-link-color has-small-font-size wp-elements-10f90b845d2ac47a30f93c77e87d57e2\" style=\"font-style:normal;font-weight:400\">Potete chiamare direttamente gli autisti al +39 347 1818477.<\/p>\n<\/details>\n\n\n\n<hr class=\"wp-block-separator has-text-color has-alpha-channel-opacity has-background is-style-wide\" style=\"background-color:#dddcdf;color:#dddcdf\"\/>\n\n\n\n<details class=\"wp-block-details has-heading-color has-text-color has-link-color has-small-medium-font-size wp-elements-8bc2f536b396d1cd9e773daacbc0962e is-layout-flow wp-block-details-is-layout-flow\" style=\"font-style:normal;font-weight:500\"><summary>Sulle vostre vetture \u00e8 vietato fumare? C&#8217;\u00e8 l&#8217;aria condizionata? Quanti sono i posti per i passeggeri?<\/summary>\n<p class=\"has-base-color has-text-color has-link-color has-small-font-size wp-elements-ba4d278ac89805ebd13601f86344df92\" style=\"font-style:normal;font-weight:400\">Su tutti i veicoli \u00e8 vietato fumare. Tutti i nostri i veicoli sono dotati di aria condizionata. Abbiamo vetture\/minibus fino a 8 posti.<\/p>\n<\/details>\n\n\n\n<hr class=\"wp-block-separator has-text-color has-alpha-channel-opacity has-background is-style-wide\" style=\"background-color:#dddcdf;color:#dddcdf\"\/>\n\n\n\n<details class=\"wp-block-details has-heading-color has-text-color has-link-color has-small-medium-font-size wp-elements-70604ddd826b5c54e21f378fc9609621 is-layout-flow wp-block-details-is-layout-flow\" style=\"font-style:normal;font-weight:500\"><summary>Ho un neonato, posso tenerlo in braccio?<\/summary>\n<p class=\"has-base-color has-text-color has-link-color has-small-font-size wp-elements-4e5a43631faa8d3697922a13c49421c9\" style=\"font-style:normal;font-weight:400\">Il codice della strada parla chiaro. Tutti i trasportati sotto i 150 cm devono viaggiare con gli opportuni sistemi di ritenuta (Es. Ovetto, Seggiolino o Rialzo).<\/p>\n<\/details>\n\n\n\n<hr class=\"wp-block-separator has-text-color has-alpha-channel-opacity has-background is-style-wide\" style=\"background-color:#dddcdf;color:#dddcdf\"\/>\n\n\n\n<details class=\"wp-block-details has-heading-color has-text-color has-link-color has-small-medium-font-size wp-elements-8bd22d9ae4178c89ede41443fe47ddcd is-layout-flow wp-block-details-is-layout-flow\" style=\"font-style:normal;font-weight:500\"><summary>I neonati pagano?<\/summary>\n<p class=\"has-base-color has-text-color has-link-color has-small-font-size wp-elements-5241c829b20bff9405dcba100b58e423\" style=\"font-style:normal;font-weight:400\">A bordo di tutte le nostre navette, tutti i passeggeri pagano la stessa tariffa in quanto occupano un posto all&#8217;interno della navetta. Per i passeggeri sotto i 150 cm forniamo gratuitamente Seggiolini, Rialzi o Ovetti.<\/p>\n<\/details>\n\n\n\n<hr class=\"wp-block-separator has-text-color has-alpha-channel-opacity has-background is-style-wide\" style=\"background-color:#dddcdf;color:#dddcdf\"\/>\n\n\n\n<details class=\"wp-block-details has-heading-color has-text-color has-link-color has-small-medium-font-size wp-elements-ca466954f7a3c036c38e95de0f318119 is-layout-flow wp-block-details-is-layout-flow\" style=\"font-style:normal;font-weight:500\"><summary>Quanto tempo prima posso modificare o cancellare la mia prenotazione?<\/summary>\n<p class=\"has-base-color has-text-color has-link-color has-small-font-size wp-elements-59882b1860938d31fc8cb374557d1430\" style=\"font-style:normal;font-weight:400\">&nbsp;Le prenotazioni possono essere modificate o cancellate fino a 24 ore prima del trasporto senza penali.<\/p>\n<\/details>\n\n\n\n<hr class=\"wp-block-separator has-text-color has-alpha-channel-opacity has-background is-style-wide\" style=\"background-color:#dddcdf;color:#dddcdf\"\/>\n\n\n\n<details class=\"wp-block-details has-heading-color has-text-color has-link-color has-small-medium-font-size wp-elements-9ce81f2c58234e4763f75384315f3f87 is-layout-flow wp-block-details-is-layout-flow\" style=\"font-style:normal;font-weight:500\"><summary>Cosa succede se il mio volo di arrivo \u00e8 in ritardo?<\/summary>\n<p class=\"has-base-color has-text-color has-link-color has-small-font-size wp-elements-af411ebbc83d21b850255ae4385919e2\" style=\"font-style:normal;font-weight:400\">Aspetteremo fino a quando le prenotazioni della giornata lo consentiranno.<\/p>\n<\/details>\n\n\n\n<p class=\"has-base-color has-text-color has-link-color has-small-font-size wp-elements-d0f5cfbc2e7d9634d0a90a2c6a9f8c94\" style=\"font-style:normal;font-weight:400\"><\/p>\n<\/div><\/div>\n<\/div><\/div>\n\n\n\n<div class=\"wp-block-group\"><div class=\"wp-block-group__inner-container is-layout-flow wp-block-group-is-layout-flow\">\n<hr class=\"wp-block-separator has-text-color has-alpha-channel-opacity has-background is-style-wide\" style=\"background-color:#dddcdf;color:#dddcdf\"\/>\n\n\n\n<details class=\"wp-block-details has-heading-color has-text-color has-link-color has-small-medium-font-size wp-elements-87b48c06fef94b112786e7862fec0567 is-layout-flow wp-block-details-is-layout-flow\" style=\"font-style:normal;font-weight:500\"><summary>E&#8217; possibile trasportare animali domestici?<\/summary>\n<p class=\"has-base-color has-text-color has-link-color has-small-font-size wp-elements-01975ddeb139a5c938dfb3eef39d6efb\" style=\"font-style:normal;font-weight:400\">E&#8217; consentito il trasporto di animali domestici solo con trasportino le cui misure massime sono: 50x40x30 cm. Tale trasporto prevede un supplemento di \u20ac 10,00 per ogni animale domestico trasportato.<\/p>\n<\/details>\n\n\n\n<hr class=\"wp-block-separator has-text-color has-alpha-channel-opacity has-background is-style-wide\" style=\"background-color:#dddcdf;color:#dddcdf\"\/>\n\n\n\n<details class=\"wp-block-details has-heading-color has-text-color has-link-color has-small-medium-font-size wp-elements-d75dd003d8b845dad0b840af93e771dd is-layout-flow wp-block-details-is-layout-flow\" style=\"font-style:normal;font-weight:500\"><summary>Ogni Passeggero quanti bagagli pu\u00f2 trasportare?<\/summary>\n<p class=\"has-base-color has-text-color has-link-color has-small-font-size wp-elements-6548d3d8999fecd7203e6a7a7e441c01\" style=\"font-style:normal;font-weight:400\">Se il Cliente ha con s\u00e9 sacche da golf o bici, per le quali pu\u00f2 essere previsto un supplemento di prezzo, dovr\u00e0 inserirlo negli appositi spazi durante la prenotazione.<br>E&#8217; ammesso per ogni passeggero un solo bagaglio da 10 o 20 kg pi\u00f9 un bagaglio a mano.<br>Per bagagli in eccesso \u00e8 previsto un supplemento di \u20ac 10,00 per ogni bagaglio in eccesso.<\/p>\n<\/details>\n\n\n\n<hr class=\"wp-block-separator has-text-color has-alpha-channel-opacity has-background is-style-wide\" style=\"background-color:#dddcdf;color:#dddcdf\"\/>\n\n\n\n<details class=\"wp-block-details has-heading-color has-text-color has-link-color has-small-medium-font-size wp-elements-d70b24de02c34ed123ad81b4a49d4786 is-layout-flow wp-block-details-is-layout-flow\" style=\"font-style:normal;font-weight:500\"><summary>E&#8217; consentito introdurre qualsiasi tipo di borsa o bagagli nel vano passeggeri?<\/summary>\n<p class=\"has-base-color has-text-color has-link-color has-small-font-size wp-elements-e7a90bcbe93533d4bb939ea20fcf549b\" style=\"font-style:normal;font-weight:400\">Per motivi di sicurezza stradale non \u00e8 in alcun modo consentito a tutti i passeggeri introdurre nel vano passeggeri ogni tipo di borsa o bagagli anche se al suo interno vi sono oggetti fragili o preziosi. In caso di mancato rispetto di questa regola l&#8217;autista pu\u00f2 rifiutarsi del trasporto.<\/p>\n<\/details>\n\n\n\n<hr class=\"wp-block-separator has-text-color has-alpha-channel-opacity has-background is-style-wide\" style=\"background-color:#dddcdf;color:#dddcdf\"\/>\n\n\n\n<details class=\"wp-block-details has-heading-color has-text-color has-link-color has-small-medium-font-size wp-elements-dfdefe544438b9b000f2e65fe0072ae7 is-layout-flow wp-block-details-is-layout-flow\" style=\"font-style:normal;font-weight:500\"><summary>Ho prenotato un servizio navetta condiviso quali sono i metodi di pagamento accettati?<\/summary>\n<p class=\"has-base-color has-text-color has-link-color has-small-font-size wp-elements-ff53d324e5f2155641fcff981e5d79cb\" style=\"font-style:normal;font-weight:400\">Soltanto per le prenotazioni di servizi navetta condivisi (low cost) l&#8217;unico metodo di pagamento sono i contanti. Invece per i servizi privati \u00e8 possibile effettuare i pagamento in carta, con bonifico bancario, con carta prepagata, carta di credito o carta di debito. Per pagamenti a mezzo bonifico quest&#8217;ultimo deve essere effettuato almeno 3 giorni prima del servizio, in alternativo deve essere effettuato in modalit\u00e0 istantanea e non revocabile.<\/p>\n<\/details>\n\n\n\n<hr class=\"wp-block-separator has-text-color has-alpha-channel-opacity has-background is-style-wide\" style=\"background-color:#dddcdf;color:#dddcdf\"\/>\n\n\n\n<details class=\"wp-block-details has-heading-color has-text-color has-link-color has-small-medium-font-size wp-elements-bb6f581bf518346cd49a0acc134e348f is-layout-flow wp-block-details-is-layout-flow\" style=\"font-style:normal;font-weight:500\"><summary>Ho prenotato un servizio navetta condiviso ma devo recarmi prima in agenzia a recuperare le chiavi e poi recarmi all&#8217;alloggio, \u00e8 possibile farlo?<\/summary>\n<p class=\"has-base-color has-text-color has-link-color has-small-font-size wp-elements-16c206ea065878a16252f5844f94051c\" style=\"font-style:normal;font-weight:400\">Purtroppo per i servizi navetta condivisi \u00e8 possibile una sola fermato per singole prenotazioni nel rispetto degli impegni degli altri passeggeri.<\/p>\n<\/details>\n\n\n\n<hr class=\"wp-block-separator has-text-color has-alpha-channel-opacity has-background is-style-wide\" style=\"background-color:#dddcdf;color:#dddcdf\"\/>\n\n\n\n<details class=\"wp-block-details has-heading-color has-text-color has-link-color has-small-medium-font-size wp-elements-48da88b0fe09a82b5472c8ffe02c24a3 is-layout-flow wp-block-details-is-layout-flow\" style=\"font-style:normal;font-weight:500\"><summary>Ho prenotato il bus navetta per ritornare in aeroporto, devo essere pronto prima dell&#8217;orario concordato?<\/summary>\n<p class=\"has-base-color has-text-color has-link-color has-small-font-size wp-elements-6174c469cd7fec31eee98cc227064bfe\" style=\"font-style:normal;font-weight:400\">Dato che per i servizio bus navetta condivisi ci sono orari di partenza prestabiliti, e considerato che essendo servizi condivisi, ci potrebbero essere anche altri passeggeri, bisogna farsi trovare pronti almeno 20 minuti prima dell&#8217;orario indicato, per consentire all&#8217;autista di prelevare tutti i passeggeri e partire in orario.<\/p>\n<\/details>\n\n\n\n<hr class=\"wp-block-separator has-text-color has-alpha-channel-opacity has-background is-style-wide\" style=\"background-color:#dddcdf;color:#dddcdf\"\/>\n\n\n\n<details class=\"wp-block-details has-heading-color has-text-color has-link-color has-small-medium-font-size wp-elements-4113a462bc7f73fbe847e3f924c36da0 is-layout-flow wp-block-details-is-layout-flow\" style=\"font-style:normal;font-weight:500\"><summary>Al mio arrivo in aeroporto ho smarrito il bagaglio, potete dietro compenso, portarmi il bagaglio all&#8217;alloggio?<\/summary>\n<p class=\"has-base-color has-text-color has-link-color has-small-font-size wp-elements-11ec997934c71f02340b6aba9aa0947f\" style=\"font-style:normal;font-weight:400\">Secondo il codice della strada la nostra azienda \u00e8 autorizzato al trasporto di persone e non di merci, per cui \u00e8 severamente vietato il trasporto di bagagli o simili senza i proprietari a seguito.<\/p>\n\n\n\n<p class=\"has-base-color has-text-color has-link-color has-small-font-size wp-elements-d0f5cfbc2e7d9634d0a90a2c6a9f8c94\" style=\"font-style:normal;font-weight:400\"><\/p>\n<\/details>\n<\/div><\/div>\n<\/div><\/div>\n","protected":false},"excerpt":{"rendered":"<p>Le domande pi\u00f9 frequenti che ci pongono (FAQs)<\/p>\n","protected":false},"author":1,"featured_media":0,"parent":0,"menu_order":0,"comment_status":"closed","ping_status":"closed","template":"","meta":{"footnotes":""},"class_list":["post-144","page","type-page","status-publish","hentry"],"_links":{"self":[{"href":"https:\/\/sanvitolocapoairportshuttle.com\/index.php?rest_route=\/wp\/v2\/pages\/144","targetHints":{"allow":["GET"]}}],"collection":[{"href":"https:\/\/sanvitolocapoairportshuttle.com\/index.php?rest_route=\/wp\/v2\/pages"}],"about":[{"href":"https:\/\/sanvitolocapoairportshuttle.com\/index.php?rest_route=\/wp\/v2\/types\/page"}],"author":[{"embeddable":true,"href":"https:\/\/sanvitolocapoairportshuttle.com\/index.php?rest_route=\/wp\/v2\/users\/1"}],"replies":[{"embeddable":true,"href":"https:\/\/sanvitolocapoairportshuttle.com\/index.php?rest_route=%2Fwp%2Fv2%2Fcomments&post=144"}],"version-history":[{"count":2,"href":"https:\/\/sanvitolocapoairportshuttle.com\/index.php?rest_route=\/wp\/v2\/pages\/144\/revisions"}],"predecessor-version":[{"id":154,"href":"https:\/\/sanvitolocapoairportshuttle.com\/index.php?rest_route=\/wp\/v2\/pages\/144\/revisions\/154"}],"wp:attachment":[{"href":"https:\/\/sanvitolocapoairportshuttle.com\/index.php?rest_route=%2Fwp%2Fv2%2Fmedia&parent=144"}],"curies":[{"name":"wp","href":"https:\/\/api.w.org\/{rel}","templated":true}]}}